{"id":225890,"date":"2023-02-21T12:20:10","date_gmt":"2023-02-21T11:20:10","guid":{"rendered":"https:\/\/m3padelacademy.com\/_about-us\/"},"modified":"2023-06-28T19:53:34","modified_gmt":"2023-06-28T17:53:34","slug":"about-us","status":"publish","type":"page","link":"https:\/\/m3padelacademy.com\/en\/about-us\/","title":{"rendered":"About Us"},"content":{"rendered":"<p>[et_pb_section fb_built=&#8221;1&#8243; admin_label=&#8221;Header&#8221; _builder_version=&#8221;4.20.4&#8243; _module_preset=&#8221;default&#8221; background_enable_color=&#8221;off&#8221; use_background_color_gradient=&#8221;on&#8221; background_color_gradient_direction=&#8221;120deg&#8221; background_color_gradient_stops=&#8221;#15284a 8%|rgba(255,255,255,0) 100%&#8221; background_color_gradient_overlays_image=&#8221;on&#8221; background_image=&#8221;https:\/\/m3padelacademy.com\/wp-content\/uploads\/2023\/02\/M3-ACADEMY-1.jpg&#8221; custom_margin=&#8221;||||false|false&#8221; custom_padding=&#8221;||||false|false&#8221; background_last_edited=&#8221;on|phone&#8221; background_position_phone=&#8221;top_left&#8221; global_colors_info=&#8221;{}&#8221;][et_pb_row column_structure=&#8221;1_2,1_2&#8243; _builder_version=&#8221;4.20.4&#8243; _module_preset=&#8221;default&#8221; max_width=&#8221;1200px&#8221; custom_padding=&#8221;6%||6%||true|false&#8221; global_colors_info=&#8221;{}&#8221;][et_pb_column type=&#8221;1_2&#8243; _builder_version=&#8221;4.20.4&#8243; _module_preset=&#8221;default&#8221; background_image=&#8221;https:\/\/m3padelacademy.com\/wp-content\/uploads\/2023\/02\/Entremadores-01.png&#8221; background_position=&#8221;bottom_right&#8221; positioning=&#8221;none&#8221; background_last_edited=&#8221;on|phone&#8221; background_position_phone=&#8221;top_right&#8221; background_horizontal_offset_phone=&#8221;30%&#8221; background_vertical_offset_phone=&#8221;-51%&#8221; global_colors_info=&#8221;{}&#8221;][et_pb_text _builder_version=&#8221;4.20.4&#8243; _module_preset=&#8221;af736e4d-67fe-40b9-a601-1f11f25a4871&#8243; header_text_color=&#8221;#FFFFFF&#8221; header_font_size=&#8221;28px&#8221; custom_margin=&#8221;97px|||20px|false|false&#8221; custom_margin_tablet=&#8221;97px|||20px|false|false&#8221; custom_margin_phone=&#8221;72px|||20px|false|false&#8221; custom_margin_last_edited=&#8221;on|tablet&#8221; header_font_size_tablet=&#8221;22px&#8221; header_font_size_phone=&#8221;19px&#8221; header_font_size_last_edited=&#8221;on|phone&#8221; global_colors_info=&#8221;{}&#8221;]<\/p>\n<h1>ABOUT US<\/h1>\n<p>[\/et_pb_text][et_pb_text _builder_version=&#8221;4.20.4&#8243; _module_preset=&#8221;af736e4d-67fe-40b9-a601-1f11f25a4871&#8243; text_text_color=&#8221;#FFFFFF&#8221; text_font_size=&#8221;31px&#8221; text_line_height=&#8221;0.2em&#8221; custom_margin=&#8221;-10px|||20px|false|false&#8221; custom_margin_tablet=&#8221;-7px||||false|false&#8221; custom_margin_phone=&#8221;-16px|||20px|false|false&#8221; custom_margin_last_edited=&#8221;on|tablet&#8221; text_font_size_tablet=&#8221;31px&#8221; text_font_size_phone=&#8221;24px&#8221; text_font_size_last_edited=&#8221;on|tablet&#8221; text_line_height_tablet=&#8221;0.2em&#8221; text_line_height_phone=&#8221;0.2em&#8221; text_line_height_last_edited=&#8221;on|desktop&#8221; global_colors_info=&#8221;{}&#8221;]<\/p>\n<p>We are M3, and this<\/p>\n<p>is our way of seeing<\/p>\n<p>the world<\/p>\n<p>through padel:<\/p>\n<p>[\/et_pb_text][et_pb_text _builder_version=&#8221;4.20.4&#8243; _module_preset=&#8221;af736e4d-67fe-40b9-a601-1f11f25a4871&#8243; text_font=&#8221;Anton||||||||&#8221; text_text_color=&#8221;#14284A&#8221; text_font_size=&#8221;29px&#8221; text_line_height=&#8221;1.3em&#8221; background_color=&#8221;#CFD535&#8243; max_width=&#8221;45%&#8221; max_width_tablet=&#8221;38%&#8221; max_width_phone=&#8221;55%&#8221; max_width_last_edited=&#8221;on|tablet&#8221; custom_margin=&#8221;||61px|20px|false|false&#8221; text_font_size_tablet=&#8221;29px&#8221; text_font_size_phone=&#8221;22px&#8221; text_font_size_last_edited=&#8221;on|phone&#8221; global_colors_info=&#8221;{}&#8221;]<\/p>\n<p>making a passion our way of life<\/p>\n<p>[\/et_pb_text][\/et_pb_column][et_pb_column type=&#8221;1_2&#8243; _builder_version=&#8221;4.19.1&#8243; _module_preset=&#8221;default&#8221; positioning=&#8221;none&#8221; global_colors_info=&#8221;{}&#8221;][\/et_pb_column][\/et_pb_row][\/et_pb_section][et_pb_section fb_built=&#8221;1&#8243; admin_label=&#8221;Info&#8221; _builder_version=&#8221;4.19.1&#8243; _module_preset=&#8221;default&#8221; background_enable_image=&#8221;off&#8221; global_colors_info=&#8221;{}&#8221;][et_pb_row column_structure=&#8221;1_4,3_4&#8243; custom_padding_last_edited=&#8221;on|phone&#8221; _builder_version=&#8221;4.19.4&#8243; _module_preset=&#8221;default&#8221; custom_padding=&#8221;||27px|||&#8221; custom_padding_tablet=&#8221;||27px|||&#8221; custom_padding_phone=&#8221;0px||27px||false|false&#8221; global_colors_info=&#8221;{}&#8221;][et_pb_column type=&#8221;1_4&#8243; _builder_version=&#8221;4.16&#8243; _module_preset=&#8221;default&#8221; global_colors_info=&#8221;{}&#8221;][et_pb_text _builder_version=&#8221;4.19.1&#8243; _module_preset=&#8221;af736e4d-67fe-40b9-a601-1f11f25a4871&#8243; header_4_font=&#8221;|||on|||||&#8221; header_4_text_color=&#8221;#FFFFFF&#8221; header_4_font_size=&#8221;120px&#8221; header_4_line_height=&#8221;1.1em&#8221; positioning=&#8221;relative&#8221; horizontal_offset=&#8221;147px&#8221; text_orientation=&#8221;right&#8221; width=&#8221;100%&#8221; custom_margin=&#8221;||-80px||false|false&#8221; custom_margin_tablet=&#8221;||-50px||false|false&#8221; custom_margin_phone=&#8221;||-20px||false|false&#8221; custom_margin_last_edited=&#8221;on|phone&#8221; filter_opacity=&#8221;76%&#8221; header_4_font_size_tablet=&#8221;80px&#8221; header_4_font_size_phone=&#8221;26px&#8221; header_4_font_size_last_edited=&#8221;on|phone&#8221; header_4_text_shadow_style=&#8221;preset3&#8243; header_4_text_shadow_blur_strength=&#8221;0.01em&#8221; header_4_text_shadow_color=&#8221;#000000&#8243; header_4_text_shadow_blur_strength_tablet=&#8221;&#8221; header_4_text_shadow_blur_strength_phone=&#8221;0.03em&#8221; header_4_text_shadow_blur_strength_last_edited=&#8221;on|phone&#8221; global_colors_info=&#8221;{}&#8221;]<\/p>\n<h4>About us<\/h4>\n<p>[\/et_pb_text][\/et_pb_column][et_pb_column type=&#8221;3_4&#8243; _builder_version=&#8221;4.16&#8243; _module_preset=&#8221;default&#8221; global_colors_info=&#8221;{}&#8221;][et_pb_text _builder_version=&#8221;4.20.0&#8243; _module_preset=&#8221;af736e4d-67fe-40b9-a601-1f11f25a4871&#8243; header_font=&#8221;|||on|||||&#8221; header_text_color=&#8221;#15284A&#8221; header_font_size=&#8221;39px&#8221; header_2_text_color=&#8221;#14284A&#8221; header_2_font_size=&#8221;40px&#8221; global_colors_info=&#8221;{}&#8221;]<\/p>\n<h2>Our history<\/h2>\n<p>[\/et_pb_text][et_pb_text _builder_version=&#8221;4.19.4&#8243; _module_preset=&#8221;af736e4d-67fe-40b9-a601-1f11f25a4871&#8243; text_text_color=&#8221;#15284A&#8221; header_2_font=&#8221;Syncopate|700||on|||||&#8221; header_2_text_color=&#8221;#000000&#8243; header_2_font_size=&#8221;60px&#8221; header_2_line_height=&#8221;1.2em&#8221; max_width=&#8221;650px&#8221; module_alignment=&#8221;center&#8221; custom_margin_tablet=&#8221;&#8221; custom_margin_phone=&#8221;-15px||||false|false&#8221; custom_margin_last_edited=&#8221;on|phone&#8221; header_2_font_size_tablet=&#8221;32px&#8221; header_2_font_size_phone=&#8221;20px&#8221; locked=&#8221;off&#8221; global_colors_info=&#8221;{}&#8221;]<\/p>\n<p>Our history begins in the Club Alameda in Madrid, where Jorge Mart\u00ednez used to give tennis classes. There he met David Morales, whom he trained, and together they tried amateur padel for the first time.<\/p>\n<p>Time forged a friendship between the two men which they took into professional padel; this friendship, together with their passion for the sport, and their different but complementary professional profiles, led them to team up as entrepreneurs.<\/p>\n<p>First they founded the Mystica padel brand, which they ran for more than 10 years. And then as founding partners of M3 Padel Academy,\u00a0<strong>the world\u2019s first padel academy designed for professional players.<\/strong><\/p>\n<p>M3 arose from an idea that had been forming in Jorge\u2019s mind, through his multiple experiences as a trainer and coach of professional players of both sexes, amateurs and children.<\/p>\n<p>Jorge believes that\u00a0<strong>padel is a team sport and must be played as a group<\/strong>. These principles, together with a human-centred and holistic approach to high-performance sport, focussed on the complete development of the player and the person, are the origin of the M3 Method.<\/p>\n<p>[\/et_pb_text][et_pb_image src=&#8221;https:\/\/m3padelacademy.com\/wp-content\/uploads\/2023\/02\/Captura-de-Pantalla-2023-01-10-a-las-14.19.55.png&#8221; title_text=&#8221;About us&#8221; _builder_version=&#8221;4.19.4&#8243; _module_preset=&#8221;default&#8221; width=&#8221;643px&#8221; width_tablet=&#8221;643px&#8221; width_phone=&#8221;95%&#8221; width_last_edited=&#8221;on|phone&#8221; module_alignment=&#8221;center&#8221; custom_margin=&#8221;|||9%|false|false&#8221; global_colors_info=&#8221;{}&#8221;][\/et_pb_image][\/et_pb_column][\/et_pb_row][et_pb_row column_structure=&#8221;1_4,3_4&#8243; _builder_version=&#8221;4.16&#8243; _module_preset=&#8221;default&#8221; custom_padding=&#8221;||27px|||&#8221; global_colors_info=&#8221;{}&#8221;][et_pb_column type=&#8221;1_4&#8243; _builder_version=&#8221;4.16&#8243; _module_preset=&#8221;default&#8221; global_colors_info=&#8221;{}&#8221;][\/et_pb_column][et_pb_column type=&#8221;3_4&#8243; _builder_version=&#8221;4.16&#8243; _module_preset=&#8221;default&#8221; global_colors_info=&#8221;{}&#8221;][et_pb_image src=&#8221;https:\/\/m3padelacademy.com\/wp-content\/uploads\/2023\/02\/lo-que-dicen-de-nosotros.png&#8221; title_text=&#8221;what they say about us&#8221; _builder_version=&#8221;4.19.1&#8243; _module_preset=&#8221;default&#8221; custom_margin=&#8221;-41px|||||&#8221; custom_padding=&#8221;26px|||||&#8221; global_colors_info=&#8221;{}&#8221;][\/et_pb_image][et_pb_text _builder_version=&#8221;4.19.1&#8243; _module_preset=&#8221;af736e4d-67fe-40b9-a601-1f11f25a4871&#8243; text_font=&#8221;|700|||||||&#8221; text_text_color=&#8221;#15284A&#8221; text_font_size=&#8221;23px&#8221; text_line_height=&#8221;1.5em&#8221; global_colors_info=&#8221;{}&#8221;]<\/p>\n<p><strong>We <\/strong><strong>strive to train future champions while at the same time instilling the values that make players and trainers better people, as well as good athletes.<\/strong><\/p>\n<p>[\/et_pb_text][et_pb_text _builder_version=&#8221;4.20.0&#8243; _module_preset=&#8221;af736e4d-67fe-40b9-a601-1f11f25a4871&#8243; text_text_color=&#8221;#15284A&#8221; header_2_font=&#8221;Syncopate|700||on|||||&#8221; header_2_text_color=&#8221;#000000&#8243; header_2_font_size=&#8221;60px&#8221; header_2_line_height=&#8221;1.2em&#8221; max_width=&#8221;650px&#8221; module_alignment=&#8221;center&#8221; header_2_font_size_tablet=&#8221;32px&#8221; header_2_font_size_phone=&#8221;20px&#8221; locked=&#8221;off&#8221; global_colors_info=&#8221;{}&#8221;]<\/p>\n<p>Jorge transmitted his enthusiasm for this project to David and to Miguel Mat\u00eda, and the surnames of the three of them give the academy its name: Mart\u00ednez, Morales and Mat\u00eda (M3). Miguel, the third of the founding partners, is currently not part of the company, but he maintains very close personal links with the academy.<\/p>\n<p>As time passes, we can say that M3 Academy is essentially a project that goes beyond competition. Our success lies not only in having some of the best players in the world. It also lies in a <strong>pioneering work system that combines physical, technical and mental training with education through sport and team spirit.<\/strong><\/p>\n<p>Padel is a young sport, but it has enormous potential to grow worldwide. With our philosophy\u00a0<strong>we help clubs all over the world to meet their objectives and lead the process of transformation and professionalization of padel<\/strong>.<\/p>\n<p>[\/et_pb_text][et_pb_image src=&#8221;https:\/\/m3padelacademy.com\/wp-content\/uploads\/2022\/11\/Group-111.svg&#8221; title_text=&#8221;Group 111&#8243; align=&#8221;right&#8221; disabled_on=&#8221;on|on|off&#8221; _builder_version=&#8221;4.19.4&#8243; _module_preset=&#8221;default&#8221; positioning=&#8221;relative&#8221; horizontal_offset=&#8221;69px&#8221; global_colors_info=&#8221;{}&#8221;][\/et_pb_image][\/et_pb_column][\/et_pb_row][et_pb_row column_structure=&#8221;2_5,3_5&#8243; make_equal=&#8221;on&#8221; _builder_version=&#8221;4.19.4&#8243; _module_preset=&#8221;default&#8221; width=&#8221;81%&#8221; width_tablet=&#8221;81%&#8221; width_phone=&#8221;90%&#8221; width_last_edited=&#8221;on|phone&#8221; custom_margin_tablet=&#8221;&#8221; custom_margin_phone=&#8221;-41px||||false|false&#8221; custom_margin_last_edited=&#8221;on|phone&#8221; global_colors_info=&#8221;{}&#8221;][et_pb_column type=&#8221;2_5&#8243; _builder_version=&#8221;4.16&#8243; _module_preset=&#8221;default&#8221; global_colors_info=&#8221;{}&#8221;][et_pb_image src=&#8221;https:\/\/m3padelacademy.com\/wp-content\/uploads\/2023\/02\/M3-Academy-Valores.jpg&#8221; title_text=&#8221;M3-Academy&#8212;Values&#8221; _builder_version=&#8221;4.19.1&#8243; _module_preset=&#8221;default&#8221; global_colors_info=&#8221;{}&#8221;][\/et_pb_image][\/et_pb_column][et_pb_column type=&#8221;3_5&#8243; _builder_version=&#8221;4.19.1&#8243; _module_preset=&#8221;default&#8221; background_color=&#8221;#f4f5f8&#8243; background_enable_image=&#8221;off&#8221; background_position=&#8221;bottom_right&#8221; custom_padding=&#8221;50px|40px|30px|40px|false|true&#8221; custom_padding_tablet=&#8221;|30px||30px|false|true&#8221; custom_padding_phone=&#8221;35px|20px|80px|20px|false|true&#8221; custom_padding_last_edited=&#8221;on|phone&#8221; global_colors_info=&#8221;{}&#8221;][dsm_block_reveal_text block_reveal_text=&#8221;OUR&#8221; heading_html_tag=&#8221;p&#8221; block_reveal_color=&#8221;#15284A&#8221; _builder_version=&#8221;4.19.4&#8243; _module_preset=&#8221;default&#8221; header_font=&#8221;Anton||||||||&#8221; header_text_color=&#8221;#15284A&#8221; header_font_size=&#8221;18px&#8221; header_line_height=&#8221;1.5em&#8221; background_color=&#8221;#CFD452&#8243; max_width=&#8221;79px&#8221; custom_margin=&#8221;||||false|false&#8221; custom_padding=&#8221;|||7px|false|false&#8221; global_colors_info=&#8221;{}&#8221;][\/dsm_block_reveal_text][et_pb_text _builder_version=&#8221;4.19.4&#8243; _module_preset=&#8221;af736e4d-67fe-40b9-a601-1f11f25a4871&#8243; header_text_color=&#8221;#15284A&#8221; header_font_size=&#8221;49px&#8221; header_2_text_color=&#8221;#14284A&#8221; header_2_font_size=&#8221;70px&#8221; custom_margin=&#8221;-19px|||||&#8221; animation_style=&#8221;slide&#8221; animation_direction=&#8221;top&#8221; animation_intensity_slide=&#8221;2%&#8221; global_colors_info=&#8221;{}&#8221;]<\/p>\n<h2>VALUES<\/h2>\n<p>[\/et_pb_text][et_pb_divider _builder_version=&#8221;4.19.1&#8243; _module_preset=&#8221;default&#8221; custom_margin=&#8221;-10px||0px||false|false&#8221; global_colors_info=&#8221;{}&#8221;][\/et_pb_divider][et_pb_text _builder_version=&#8221;4.20.0&#8243; _module_preset=&#8221;af736e4d-67fe-40b9-a601-1f11f25a4871&#8243; text_text_color=&#8221;#15284A&#8221; header_3_text_color=&#8221;#15284A&#8221; animation_style=&#8221;slide&#8221; animation_direction=&#8221;top&#8221; animation_intensity_slide=&#8221;2%&#8221; border_color_bottom=&#8221;#CFD452&#8243; global_colors_info=&#8221;{}&#8221;]<\/p>\n<h3>RESPECT<\/h3>\n<p>For our teammates, opposing teams, trainers, umpires and our symbols.<\/p>\n<p>[\/et_pb_text][et_pb_divider _builder_version=&#8221;4.19.1&#8243; _module_preset=&#8221;default&#8221; custom_margin=&#8221;-10px||0px||false|false&#8221; global_colors_info=&#8221;{}&#8221;][\/et_pb_divider][et_pb_text _builder_version=&#8221;4.21.0&#8243; _module_preset=&#8221;af736e4d-67fe-40b9-a601-1f11f25a4871&#8243; text_text_color=&#8221;#15284A&#8221; header_3_text_color=&#8221;#15284A&#8221; animation_style=&#8221;slide&#8221; animation_direction=&#8221;top&#8221; animation_intensity_slide=&#8221;2%&#8221; hover_enabled=&#8221;0&#8243; border_color_bottom=&#8221;#CFD452&#8243; global_colors_info=&#8221;{}&#8221; sticky_enabled=&#8221;0&#8243;]<\/p>\n<h3>HUMILITY<\/h3>\n<p>To learn discipline and daily effort to overcome adversity.<\/p>\n<p>[\/et_pb_text][et_pb_divider _builder_version=&#8221;4.19.1&#8243; _module_preset=&#8221;default&#8221; custom_margin=&#8221;-10px||0px||false|false&#8221; global_colors_info=&#8221;{}&#8221;][\/et_pb_divider][et_pb_text _builder_version=&#8221;4.21.0&#8243; _module_preset=&#8221;af736e4d-67fe-40b9-a601-1f11f25a4871&#8243; text_text_color=&#8221;#15284A&#8221; header_3_text_color=&#8221;#15284A&#8221; animation_style=&#8221;slide&#8221; animation_direction=&#8221;top&#8221; animation_intensity_slide=&#8221;2%&#8221; hover_enabled=&#8221;0&#8243; border_color_bottom=&#8221;#CFD452&#8243; global_colors_info=&#8221;{}&#8221; sticky_enabled=&#8221;0&#8243;]<\/p>\n<h3>SOLIDARITY AND LOYALTY<\/h3>\n<p>With our teammates, rivals on and off the court.<\/p>\n<p>[\/et_pb_text][et_pb_divider _builder_version=&#8221;4.19.1&#8243; _module_preset=&#8221;default&#8221; custom_margin=&#8221;-10px||0px||false|false&#8221; global_colors_info=&#8221;{}&#8221;][\/et_pb_divider][et_pb_text _builder_version=&#8221;4.20.0&#8243; _module_preset=&#8221;af736e4d-67fe-40b9-a601-1f11f25a4871&#8243; text_text_color=&#8221;#15284A&#8221; header_3_text_color=&#8221;#15284A&#8221; animation_style=&#8221;slide&#8221; animation_direction=&#8221;top&#8221; animation_intensity_slide=&#8221;2%&#8221; border_color_bottom=&#8221;#CFD452&#8243; global_colors_info=&#8221;{}&#8221;]<\/p>\n<h3>COMMITMENT<\/h3>\n<p>To our promise and to these rules.<\/p>\n<p>[\/et_pb_text][et_pb_divider _builder_version=&#8221;4.19.1&#8243; _module_preset=&#8221;default&#8221; custom_margin=&#8221;-10px||0px||false|false&#8221; global_colors_info=&#8221;{}&#8221;][\/et_pb_divider][et_pb_text _builder_version=&#8221;4.20.0&#8243; _module_preset=&#8221;af736e4d-67fe-40b9-a601-1f11f25a4871&#8243; text_text_color=&#8221;#15284A&#8221; header_3_text_color=&#8221;#15284A&#8221; animation_style=&#8221;slide&#8221; animation_direction=&#8221;top&#8221; animation_intensity_slide=&#8221;2%&#8221; border_color_bottom=&#8221;#CFD452&#8243; global_colors_info=&#8221;{}&#8221;]<\/p>\n<h3>SACRIFICE<\/h3>\n<p>To give everything at all times, to make a little more effort every day and to build our dreams.<\/p>\n<p>[\/et_pb_text][\/et_pb_column][\/et_pb_row][\/et_pb_section]<\/p>\n","protected":false},"excerpt":{"rendered":"<p>ABOUT USWe are M3, and this is our way of seeing the world through padel:making a passion our way of lifeAbout usOur historyOur history begins in the Club Alameda in [&hellip;]<\/p>\n","protected":false},"author":196,"featured_media":0,"parent":0,"menu_order":0,"comment_status":"closed","ping_status":"closed","template":"","meta":{"_et_pb_use_builder":"on","_et_pb_old_content":"","_et_gb_content_width":"","inline_featured_image":false,"_price":"","_stock":"","_tribe_ticket_header":"","_tribe_default_ticket_provider":"","_ticket_start_date":"","_ticket_end_date":"","_tribe_ticket_show_description":"","_tribe_ticket_show_not_going":false,"_tribe_ticket_use_global_stock":"","_tribe_ticket_global_stock_level":"","_global_stock_mode":"","_global_stock_cap":"","_tribe_rsvp_for_event":"","_tribe_ticket_going_count":"","_tribe_ticket_not_going_count":"","_tribe_tickets_list":"[]","_tribe_ticket_has_attendee_info_fields":false,"footnotes":"","_tec_slr_enabled":"","_tec_slr_layout":""},"class_list":["post-225890","page","type-page","status-publish","hentry"],"ticketed":false,"_links":{"self":[{"href":"https:\/\/m3padelacademy.com\/en\/wp-json\/wp\/v2\/pages\/225890","targetHints":{"allow":["GET"]}}],"collection":[{"href":"https:\/\/m3padelacademy.com\/en\/wp-json\/wp\/v2\/pages"}],"about":[{"href":"https:\/\/m3padelacademy.com\/en\/wp-json\/wp\/v2\/types\/page"}],"author":[{"embeddable":true,"href":"https:\/\/m3padelacademy.com\/en\/wp-json\/wp\/v2\/users\/196"}],"replies":[{"embeddable":true,"href":"https:\/\/m3padelacademy.com\/en\/wp-json\/wp\/v2\/comments?post=225890"}],"version-history":[{"count":0,"href":"https:\/\/m3padelacademy.com\/en\/wp-json\/wp\/v2\/pages\/225890\/revisions"}],"wp:attachment":[{"href":"https:\/\/m3padelacademy.com\/en\/wp-json\/wp\/v2\/media?parent=225890"}],"curies":[{"name":"wp","href":"https:\/\/api.w.org\/{rel}","templated":true}]}}